{"id":121,"date":"2018-02-12T15:52:12","date_gmt":"2018-02-12T14:52:12","guid":{"rendered":"http:\/\/www.faz-rheinhessen.de\/faz\/?page_id=121"},"modified":"2018-02-12T18:18:30","modified_gmt":"2018-02-12T17:18:30","slug":"logopaedie","status":"publish","type":"page","link":"http:\/\/www.faz-rheinhessen.de\/faz\/logopaedie\/","title":{"rendered":"Logop\u00e4die"},"content":{"rendered":"<p><img loading=\"lazy\" decoding=\"async\" class=\"alignnone size-full wp-image-62\" src=\"http:\/\/www.faz-rheinhessen.de\/faz\/wp-content\/uploads\/2018\/02\/mainka.jpg\" alt=\"\" width=\"495\" height=\"295\" srcset=\"http:\/\/www.faz-rheinhessen.de\/faz\/wp-content\/uploads\/2018\/02\/mainka.jpg 495w, http:\/\/www.faz-rheinhessen.de\/faz\/wp-content\/uploads\/2018\/02\/mainka-300x179.jpg 300w\" sizes=\"(max-width: 495px) 100vw, 495px\" \/><br \/>\n<em>Sybille Mainka<\/em><\/p>\n<p>In unserer logop\u00c3\u00a4dischen Praxis behandeln wir Kinder, Jugendliche und Erwachsene mit:<\/p>\n<p><strong>&#8211; St\u00f6rungen der Sprache<\/strong><br \/>\nz.B. Sprachentwicklungsst\u00f6rungen, Sprachst\u00f6rungen nach Schlaganfall (Aphasie)<\/p>\n<p><strong>&#8211; St\u00f6rungen der Stimme<\/strong><br \/>\nwie z.B. funktionelle und organische Stimmst\u00f6rungen<\/p>\n<p><strong>&#8211; St\u00f6rungen des Sprechens<\/strong><br \/>\nSt\u00f6rung der Artikulation, des Redeflusses (Stottern, Poltern), St\u00f6rungen der Sprechmotorik (Sprechapraxie, Dysarthrie)<\/p>\n<p><strong>&#8211; Schluckst\u00f6rungen<\/strong><br \/>\naufgrund neurologischer Erkrankungen (Dysphagie) und myofunktionelle Therapie<\/p>\n<p><strong>&#8211; Auditive Wahrnehmungs- und Verarbeitungsst\u00f6rungen (AVWS)<\/strong><\/p>\n<p>Bei Vorliegen einer \u00c4rztlichen Verordnung f\u00fchren wir auch Hausbesuche durch. <span style=\"color: #ff5700;\"><strong><span class=\"fliesstext_3\">Tel. 06731 \/ 997909<\/span><\/strong><\/span><\/p>\n<p>&nbsp;<\/p>\n","protected":false},"excerpt":{"rendered":"<p>Sybille Mainka In unserer logop\u00c3\u00a4dischen Praxis behandeln wir Kinder, Jugendliche und Erwachsene mit: &#8211; St\u00f6rungen der Sprache z.B. Sprachentwicklungsst\u00f6rungen, Sprachst\u00f6rungen nach Schlaganfall (Aphasie) &#8211; St\u00f6rungen der Stimme wie z.B. funktionelle und organische Stimmst\u00f6rungen &#8211; St\u00f6rungen des Sprechens St\u00f6rung der Artikulation, des Redeflusses (Stottern, Poltern), St\u00f6rungen der Sprechmotorik (Sprechapraxie, Dysarthrie) &#8211; Schluckst\u00f6rungen aufgrund neurologischer Erkrankungen (Dysphagie) [&hellip;]<\/p>\n","protected":false},"author":1,"featured_media":0,"parent":0,"menu_order":0,"comment_status":"closed","ping_status":"closed","template":"","meta":{"_et_pb_use_builder":"","_et_pb_old_content":"","_et_gb_content_width":"","footnotes":""},"_links":{"self":[{"href":"http:\/\/www.faz-rheinhessen.de\/faz\/wp-json\/wp\/v2\/pages\/121"}],"collection":[{"href":"http:\/\/www.faz-rheinhessen.de\/faz\/wp-json\/wp\/v2\/pages"}],"about":[{"href":"http:\/\/www.faz-rheinhessen.de\/faz\/wp-json\/wp\/v2\/types\/page"}],"author":[{"embeddable":true,"href":"http:\/\/www.faz-rheinhessen.de\/faz\/wp-json\/wp\/v2\/users\/1"}],"replies":[{"embeddable":true,"href":"http:\/\/www.faz-rheinhessen.de\/faz\/wp-json\/wp\/v2\/comments?post=121"}],"version-history":[{"count":2,"href":"http:\/\/www.faz-rheinhessen.de\/faz\/wp-json\/wp\/v2\/pages\/121\/revisions"}],"predecessor-version":[{"id":201,"href":"http:\/\/www.faz-rheinhessen.de\/faz\/wp-json\/wp\/v2\/pages\/121\/revisions\/201"}],"wp:attachment":[{"href":"http:\/\/www.faz-rheinhessen.de\/faz\/wp-json\/wp\/v2\/media?parent=121"}],"curies":[{"name":"wp","href":"https:\/\/api.w.org\/{rel}","templated":true}]}}