{"id":128,"date":"2018-02-12T15:54:24","date_gmt":"2018-02-12T14:54:24","guid":{"rendered":"http:\/\/www.faz-rheinhessen.de\/faz\/?page_id=128"},"modified":"2018-02-12T18:17:59","modified_gmt":"2018-02-12T17:17:59","slug":"vita-apotheke","status":"publish","type":"page","link":"http:\/\/www.faz-rheinhessen.de\/faz\/vita-apotheke\/","title":{"rendered":"Vita Apotheke"},"content":{"rendered":"<p><img loading=\"lazy\" decoding=\"async\" class=\"alignnone size-full wp-image-63\" src=\"http:\/\/www.faz-rheinhessen.de\/faz\/wp-content\/uploads\/2018\/02\/Plothe-Weckerle-275b.gif\" alt=\"\" width=\"495\" height=\"295\" \/><br \/>\n<em>Carola Plothe-Weckerle<\/em><\/p>\n<p>Was geh\u00f6rt zu einer umfassenden medizinischen Beratung und Betreuung? Nat\u00fcrlich die Apotheke! Die Vita Apotheke im Erdgeschoss des Facharztzentrums Rheinhessen leistet ihren Beitrag zu einem St\u00fcck Gesundheitsservice mit kurzen Wegen und kompetentem Miteinander.<\/p>\n<p><span class=\"fliesstext_3\" style=\"color: #ff5700;\"><strong>Tel.: 06731.494 869 333 oder Fax: 06731.494 869 322<\/strong> <\/span><\/p>\n<p>&nbsp;<\/p>\n","protected":false},"excerpt":{"rendered":"<p>Carola Plothe-Weckerle Was geh\u00f6rt zu einer umfassenden medizinischen Beratung und Betreuung? Nat\u00fcrlich die Apotheke! Die Vita Apotheke im Erdgeschoss des Facharztzentrums Rheinhessen leistet ihren Beitrag zu einem St\u00fcck Gesundheitsservice mit kurzen Wegen und kompetentem Miteinander. Tel.: 06731.494 869 333 oder Fax: 06731.494 869 322 &nbsp;<\/p>\n","protected":false},"author":1,"featured_media":0,"parent":0,"menu_order":0,"comment_status":"closed","ping_status":"closed","template":"","meta":{"_et_pb_use_builder":"","_et_pb_old_content":"","_et_gb_content_width":"","footnotes":""},"_links":{"self":[{"href":"http:\/\/www.faz-rheinhessen.de\/faz\/wp-json\/wp\/v2\/pages\/128"}],"collection":[{"href":"http:\/\/www.faz-rheinhessen.de\/faz\/wp-json\/wp\/v2\/pages"}],"about":[{"href":"http:\/\/www.faz-rheinhessen.de\/faz\/wp-json\/wp\/v2\/types\/page"}],"author":[{"embeddable":true,"href":"http:\/\/www.faz-rheinhessen.de\/faz\/wp-json\/wp\/v2\/users\/1"}],"replies":[{"embeddable":true,"href":"http:\/\/www.faz-rheinhessen.de\/faz\/wp-json\/wp\/v2\/comments?post=128"}],"version-history":[{"count":3,"href":"http:\/\/www.faz-rheinhessen.de\/faz\/wp-json\/wp\/v2\/pages\/128\/revisions"}],"predecessor-version":[{"id":200,"href":"http:\/\/www.faz-rheinhessen.de\/faz\/wp-json\/wp\/v2\/pages\/128\/revisions\/200"}],"wp:attachment":[{"href":"http:\/\/www.faz-rheinhessen.de\/faz\/wp-json\/wp\/v2\/media?parent=128"}],"curies":[{"name":"wp","href":"https:\/\/api.w.org\/{rel}","templated":true}]}}