{"id":147,"date":"2018-02-12T17:33:53","date_gmt":"2018-02-12T16:33:53","guid":{"rendered":"http:\/\/www.faz-rheinhessen.de\/faz\/?page_id=147"},"modified":"2018-02-12T18:16:14","modified_gmt":"2018-02-12T17:16:14","slug":"idee","status":"publish","type":"page","link":"http:\/\/www.faz-rheinhessen.de\/faz\/idee\/","title":{"rendered":"Idee"},"content":{"rendered":"<p><em><em><img loading=\"lazy\" decoding=\"async\" class=\"alignnone wp-image-148\" src=\"http:\/\/www.faz-rheinhessen.de\/faz\/wp-content\/uploads\/2018\/02\/Ashampoo_Snap_2018.02.12_17h30m33s_004_-300x192.png\" alt=\"\" width=\"402\" height=\"258\" srcset=\"http:\/\/www.faz-rheinhessen.de\/faz\/wp-content\/uploads\/2018\/02\/Ashampoo_Snap_2018.02.12_17h30m33s_004_-300x192.png 300w, http:\/\/www.faz-rheinhessen.de\/faz\/wp-content\/uploads\/2018\/02\/Ashampoo_Snap_2018.02.12_17h30m33s_004_-768x492.png 768w, http:\/\/www.faz-rheinhessen.de\/faz\/wp-content\/uploads\/2018\/02\/Ashampoo_Snap_2018.02.12_17h30m33s_004_.png 969w\" sizes=\"(max-width: 402px) 100vw, 402px\" \/><\/em><\/em><br \/>\n<em>Unsere Philosophie hei\u00dft Service<\/em><\/p>\n<div><\/div>\n<p>Wir wollen Ihnen, unseren Patienten, mit dem Zusammenschluss von \u00c4rzten und anderen medizinischen Einrichtungen in einem Zentrum etwas bieten, was keiner von uns alleine bieten kann.<br \/>\nUnsere gemeinsame Philosophie hei\u00dft Service \u2013 auf allen Ebenen: konzentriertes Fachwissen unter einem Dach, Diagnose- und Behandlungsschritte mit kurzen Wegen, abgestimmten Terminen und automatischem Einholen erforderlicher Fachmeinungen. Indem wir uns abstimmen, immer wieder optimieren, gemeinsam einen hohen Standard fordern und uns in der Umsetzung regelm\u00e4\u00dfig kontrollieren, machen wir Ihnen Ihren Arztbesuch so angenehm wie m\u00f6glich.<\/p>\n<p>&nbsp;<\/p>\n","protected":false},"excerpt":{"rendered":"<p>Unsere Philosophie hei\u00dft Service Wir wollen Ihnen, unseren Patienten, mit dem Zusammenschluss von \u00c4rzten und anderen medizinischen Einrichtungen in einem Zentrum etwas bieten, was keiner von uns alleine bieten kann. Unsere gemeinsame Philosophie hei\u00dft Service \u2013 auf allen Ebenen: konzentriertes Fachwissen unter einem Dach, Diagnose- und Behandlungsschritte mit kurzen Wegen, abgestimmten Terminen und automatischem Einholen [&hellip;]<\/p>\n","protected":false},"author":1,"featured_media":0,"parent":0,"menu_order":0,"comment_status":"closed","ping_status":"closed","template":"","meta":{"_et_pb_use_builder":"","_et_pb_old_content":"","_et_gb_content_width":"","footnotes":""},"_links":{"self":[{"href":"http:\/\/www.faz-rheinhessen.de\/faz\/wp-json\/wp\/v2\/pages\/147"}],"collection":[{"href":"http:\/\/www.faz-rheinhessen.de\/faz\/wp-json\/wp\/v2\/pages"}],"about":[{"href":"http:\/\/www.faz-rheinhessen.de\/faz\/wp-json\/wp\/v2\/types\/page"}],"author":[{"embeddable":true,"href":"http:\/\/www.faz-rheinhessen.de\/faz\/wp-json\/wp\/v2\/users\/1"}],"replies":[{"embeddable":true,"href":"http:\/\/www.faz-rheinhessen.de\/faz\/wp-json\/wp\/v2\/comments?post=147"}],"version-history":[{"count":8,"href":"http:\/\/www.faz-rheinhessen.de\/faz\/wp-json\/wp\/v2\/pages\/147\/revisions"}],"predecessor-version":[{"id":196,"href":"http:\/\/www.faz-rheinhessen.de\/faz\/wp-json\/wp\/v2\/pages\/147\/revisions\/196"}],"wp:attachment":[{"href":"http:\/\/www.faz-rheinhessen.de\/faz\/wp-json\/wp\/v2\/media?parent=147"}],"curies":[{"name":"wp","href":"https:\/\/api.w.org\/{rel}","templated":true}]}}